{"id":8554,"date":"2021-06-24T16:45:27","date_gmt":"2021-06-24T16:45:27","guid":{"rendered":"https:\/\/www.novahealthyfoods.com\/politica-de-cookies-privacidad-y-aviso-legal\/"},"modified":"2021-06-24T16:45:27","modified_gmt":"2021-06-24T16:45:27","slug":"politica-de-cookies-privacidad-y-aviso-legal","status":"publish","type":"page","link":"https:\/\/www.novahealthyfoods.com\/en\/politica-de-cookies-privacidad-y-aviso-legal\/","title":{"rendered":"Pol\u00edtica de Cookies, Privacidad y Aviso Legal"},"content":{"rendered":"<section class=\"l-section wpb_row height_medium\"><div class=\"l-section-h i-cf\"><div class=\"g-cols vc_row type_default valign_top\"><div class=\"vc_col-sm-12 wpb_column vc_column_container\"><div class=\"vc_column-inner\"><div class=\"wpb_wrapper\">[vc_custom_heading text=&#8221;Pol\u00edtica de Cookies, Privacidad y Aviso Legal&#8221; font_container=&#8221;tag:h1|text_align:left&#8221; use_theme_fonts=&#8221;yes&#8221;]<div class=\"wpb_text_column\" ><div class=\"wpb_wrapper\"><p><strong>1. OBJETO Y ACEPTACI\u00d3N<\/strong><\/p>\n<p>De conformidad con la legislaci\u00f3n en protecci\u00f3n de datos y el art\u00edculo 10 de la Ley 34\/2002 de Servicios de la Sociedad de la Informaci\u00f3n y Comercio Electr\u00f3nico el propietario del sitio y responsable de los tratamientos de los datos es:<\/p>\n<p>NOVA HEALTHY FOODS, S.L. \u2013 B01706787<\/p>\n<p>Datos de contacto de la empresa:<\/p>\n<p>Madrid (28046) P\u00ba de la Castellana n\u00ba 117, 2\u00ba Derecha<br \/>\nTel. +34 91 457 61 70<br \/>\nFax. +34 91 457 90 29<br \/>\n<a href=\"mailto:info@novahealthyfoods.com\">info@novahealthyfoods.com<\/a><\/p>\n<p><strong>2. CONDICIONES DE ACCESO Y UTILIZACI\u00d3N<\/strong><\/p>\n<p>El sitio web y sus servicios son de acceso libre y gratuito, no obstante, NOVA condiciona la utilizaci\u00f3n de algunos de los servicios ofrecidos en su web a la previa cumplimentaci\u00f3n del correspondiente formulario. El usuario garantiza la autenticidad y actualidad de todos aquellos datos que comunique a NOVA y ser\u00e1 el \u00fanico responsable de las manifestaciones falsas o inexactas que realice. El usuario se compromete expresamente a hacer un uso adecuado de los contenidos y servicios de NOVA y a no emplearlos para, entre otros:<\/p>\n<ol>\n<li>a) Difundir contenidos, delictivos, violen tos, pornogr\u00e1ficos, racistas, xen\u00f3fobo, ofensivos, de apolog\u00eda del terrorismo o, en general, contrarios a la ley o al orden p\u00fablico.<\/li>\n<li>b) Introducir en la red virus inform\u00e1ticos o realizar actuaciones susceptibles de alterar, estropear, interrumpir o generar errores o da\u00f1os en los documentos electr\u00f3nicos, datos o sistemas f\u00edsicos y l\u00f3gicos de NOVA o de terceras personas; as\u00ed como obstaculizar el acceso de otros usuarios al sitio web y a sus servicios mediante el consumo masivo de los recursos inform\u00e1ticos a trav\u00e9s de los cuales NOVA presta sus servicios.<\/li>\n<li>c) Intentar acceder a las cuentas de correo electr\u00f3nico de otros usuarios o a \u00e1reas restringidas de los sistemas inform\u00e1ticos de NOVA o de terceros y, en su caso, extraer informaci\u00f3n.<\/li>\n<li>d) Vulnerar los derechos de propiedad intelectual o industrial, as\u00ed como violar la confidencialidad de la informaci\u00f3n de NOVA o de terceros.<\/li>\n<li>e) Suplantar la identidad de otro usuario, de las administraciones p\u00fablicas o de un tercero.<\/li>\n<li>f) Reproducir, copiar, distribuir, poner a disposici\u00f3n o de cualquier otra forma comunicar p\u00fablicamente, transformar o modificar los contenidos, a menos que se cuente con la autorizaci\u00f3n del titular de los correspondientes derechos o ello resulte legalmente permitido.<\/li>\n<li>g) Recabar datos con finalidad publicitaria y de remitir publicidad de cualquier clase y comunicaciones con fines de venta u otras de naturaleza comercial sin que medie su previa solicitud o consentimiento.<\/li>\n<\/ol>\n<p>Todos los contenidos del sitio web, como textos, fotograf\u00edas, gr\u00e1ficos, im\u00e1genes, iconos, tecnolog\u00eda, software, as\u00ed como su di se\u00f1o gr\u00e1fico y c\u00f3digos fuente, constituyen una obra cuya propiedad pertenece a NOVA, sin que puedan entenderse cedidos al usuario ninguno de los derechos de explotaci\u00f3n sobre los mismos m\u00e1s all\u00e1 de lo estrictamente necesario para el correcto uso de la web.<\/p>\n<p>En definitiva, los usuarios que accedan a este sitio web pueden visualizar los contenidos y efectuar, en su caso, copias privadas autorizadas siempre que los elementos reproducidos no sean cedidos posteriormente a terceros, ni se instalen a servidores conectados a redes, ni sean objeto de ning\u00fan tipo de explotaci\u00f3n.<\/p>\n<p>Asimismo, todas las marcas, nombres comerciales o signos distintivos de cualquier clase que aparecen en el sitio web son propiedad de NOVA, sin que pueda entenderse que el uso o acceso al mismo atribuya al usuario derecho alguno sobre los mismos.<\/p>\n<p>La distribuci\u00f3n, modificaci\u00f3n, cesi\u00f3n o comunicaci\u00f3n p\u00fablica de los contenidos y cualquier otro acto que no haya sido expresamente autorizado por el titular de los derechos de explotaci\u00f3n quedan prohibidos.<\/p>\n<p>El establecimiento de un hiperenlace no implica en ning\u00fan caso la existencia de relaciones entre NOVA y el propietario del sitio web en la que se establezca, ni la aceptaci\u00f3n y aprobaci\u00f3n por parte de NOVA de sus contenidos o servicios. Aquellas personas que se propongan establecer un hiperenlace previamente deber\u00e1n solicitar autorizaci\u00f3n por escrito a NOVA. En todo caso, el hiperenlace \u00fanicamente permitir\u00e1 el acceso a la home-page o p\u00e1gina de inicio de nuestro sitio web, asimismo deber\u00e1 abstenerse de realizar manifestaciones o indicaciones falsas, inexactas o incorrectas sobre NOVA, o incluir contenidos il\u00edcitos, contrarios a las buenas costumbres y al orden p\u00fablico.<\/p>\n<p>NOVA no se responsabiliza del uso que cada usuario le d\u00e9 a los materiales puestos a disposici\u00f3n en este sitio web ni de las actuaciones que realice en base a los mismos.<\/p>\n<p><strong>3. EXCLUSI\u00d3N DE GARANT\u00cdAS Y DE RESPONSABILIDAD<\/strong><\/p>\n<p>El contenido del presente sitio web es de car\u00e1cter general y tiene una finalidad meramente informativa, sin que se garantice plenamente el acceso a todos los contenidos, ni su exhaustividad, correcci\u00f3n, vigencia o actualidad, ni su idoneidad o utilidad para un objetivo espec\u00edfico.<\/p>\n<p>NOVA excluye, hasta donde permite el ordenamiento jur\u00eddico, cualquier responsabilidad por los da\u00f1os y perjuicios de toda naturaleza derivados de:<\/p>\n<ol>\n<li>a) La imposibilidad de acceso al sitio web o la falta de veracidad, exactitud, exhaustividad y\/o actualidad de los contenidos, as\u00ed como la existencia de vicios y defectos de toda clase de los contenidos transmitidos, difundidos, almacenados, puestos a disposici\u00f3n a los que se haya accedido a trav\u00e9s del sitio web o de los servicios que se ofrecen.<\/li>\n<li>b) La presencia de virus o de otros elementos en los contenidos que puedan producir alteraciones en los sistemas inform\u00e1ticos, documentos electr\u00f3nicos o datos de los usuarios.<\/li>\n<li>c) El incumplimiento de las leyes, la buena fe, el orden p\u00fablico, los usos del tr\u00e1fico y el presente aviso legal como consecuencia del uso incorrecto del sitio web. En particular, y a modo ejemplificativo, NOVA no se hace responsable de las actuaciones de terceros que vulneren derechos de propiedad intelectual e industrial, secretos empresaria les, derechos al honor, a la intimidad personal y familiar y a la propia imagen, as\u00ed como la normativa en materia de competencia desleal y publicidad il\u00edcita.<\/li>\n<\/ol>\n<p>Asimismo, NOVA declina cualquier responsabilidad respecto a la informaci\u00f3n que se halle fuera de esta web y no sea gestionada directamente por nuestro webmaster. La funci\u00f3n de los links que aparecen en esta web es exclusivamente la de informar al usuario sobre la existencia de otras fuentes susceptibles de ampliar los contenidos que ofrece este sitio web. NOVA no garantiza ni se responsabiliza del funcionamiento o accesibilidad de los sitios enlazados; ni sugiere, invita o recomienda la visita a los mismos, por lo que tampoco ser\u00e1 responsable del resultado obtenido. NOVA no se responsabiliza del establecimiento de hiperv\u00ednculos por parte de terceros.<\/p>\n<p><strong>4. POL\u00cdTICA DE PRIVACIDAD<\/strong><\/p>\n<p><strong>Uso y finalidad de los datos obtenidos<\/strong><\/p>\n<p>Los datos que le solicitamos en el formulario de nuestra p\u00e1gina web son los adecuados, pertinentes y estrictamente necesarios para la finalidad de gestionar y tramitar la petici\u00f3n que nos ha realizado y en ning\u00fan caso est\u00e1 obligado a facilitarlos. Los datos de cumplimentaci\u00f3n se especifican en el propio formulario, y su negativa a suministrarlos implicar\u00e1 no poder gestionar su petici\u00f3n. Asimismo, nos asegura que todos los datos facilitados son ciertos, veraces y pertinentes para la finalidad por la que los solicitamos. Los datos personales proporcionados se conservar\u00e1n mientras se mantenga la relaci\u00f3n comercial, y una vez finalice la citada relaci\u00f3n se mantendr\u00e1n bloqueados el tiempo legalmente establecido, antes de su destrucci\u00f3n. El env\u00edo de los mismos implica su autorizaci\u00f3n expresa a incorporarlos a nuestros ficheros correspondientes, siempre y cuando NOVA HEALTHY FOODS, S.L. lo considere conveniente para la gesti\u00f3n de la petici\u00f3n que solicite.<\/p>\n<p>Es importante que para que podamos mantener sus datos personales actualizados, nos informe siempre que haya alguna modificaci\u00f3n en ellos. En caso contrario, no respondemos de la veracidad de los mismos. Consideramos que si no cancela sus datos personales expresamente de nuestros ficheros, contin\u00faa interesado en seguir incorporado a los mismos hasta que el Responsable lo considere oportuno y mientras sea adecuado a la finalidad por la que se obtuvieron.<\/p>\n<p><strong>Derechos de los interesados<\/strong><\/p>\n<p>El titular de los datos personales tiene derecho a:<\/p>\n<ul>\n<li>Obtener confirmaci\u00f3n sobre si el Responsable est\u00e1 tratando los datos personales que les conciernan, o no.<\/li>\n<li>Acceder a sus datos personales, as\u00ed como a solicitar la rectificaci\u00f3n de los datos inexactos o, en su caso, solicitar su supresi\u00f3n cuando, entre otros motivos, los datos ya no sean necesarios para los fines que fueron recogidos.<\/li>\n<li>En determinadas circunstancias, los interesados podr\u00e1n solicitar la limitaci\u00f3n del tratamiento de sus datos, en cuyo caso \u00fanicamente el Responsable los conservar\u00e1 para el ejercicio o la defensa de reclamaciones.<\/li>\n<li>En determinadas circunstancias y por motivos relacionados con su situaci\u00f3n particular, los interesados podr\u00e1n oponerse al tratamiento de sus datos.<\/li>\n<li>En determinadas circunstancias, en virtud del derecho de portabilidad, los interesados tendr\u00e1n derecho a obtener sus datos personales en un formato estructurado de uso com\u00fan y lectura mec\u00e1nica y transmitirlo a otro responsable.<\/li>\n<\/ul>\n<p>El titular puede ejercer sus derechos:<\/p>\n<ul>\n<li>Mediante escrito dirigido a NOVA HEALTHY FOODS, S.L., Madrid (28046) P\u00ba de la Castellana n\u00ba 117, 2\u00ba Derecha, referencia \u201cProtecci\u00f3n de Datos\u201d.<\/li>\n<li>Mediante correo electr\u00f3nico a la direcci\u00f3n <a href=\"mailto:info@novahealthyfoods.com\">info@novahealthyfoods.com<\/a> poniendo en el asunto \u201cProtecci\u00f3n de Datos\u201d.<\/li>\n<\/ul>\n<p>Si considera que sus derechos no se han atendido adecuadamente, tiene derecho a presentar una reclamaci\u00f3n ante la Agencia Espa\u00f1ola de Protecci\u00f3n de Datos.<\/p>\n<p><strong>5. PROCEDIMIENTO EN CASO DE REALIZACI\u00d3N DE ACTIVIDADES DE CAR\u00c1CTER IL\u00cdCITO<\/strong><\/p>\n<p>En el caso de que cualquier usuario o un tercero considere que existen hechos o circunstancias que revelen el car\u00e1cter il\u00edcito de la utilizaci\u00f3n de cualquier contenido y\/o de la realizaci\u00f3n de cualquier actividad en las p\u00e1gina s web incluidas o accesibles a trav\u00e9s del sitio web, deber\u00e1 enviar una notificaci\u00f3n a NOVA identific\u00e1ndose debidamente, especificando las supuestas infracciones y declarando expresamente y bajo su responsabilidad que la informaci\u00f3n proporcionada en la notificaci\u00f3n es exacta.<\/p>\n<p>Para toda cuesti\u00f3n litigiosa que incumba al sitio web de NOVA, ser\u00e1 de aplicaci\u00f3n la legislaci\u00f3n espa\u00f1ola, siendo competentes los Juzgados y Tribunales de Espa\u00f1a.<\/p>\n<p><strong>6. PUBLICACIONES<\/strong><\/p>\n<p>La informaci\u00f3n administrativa facilitada a trav\u00e9s del sitio web no sustituye la publicidad legal de las leyes, normativas, planes, disposiciones generales y actos que tengan que ser publicados formalmente a los diarios oficiales de las administraciones p\u00fablicas, que constituyen el \u00fanico instrumento que da fe de su autenticidad y contenido. La informaci\u00f3n disponible en este sitio web debe entenderse como una gu\u00eda sin prop\u00f3sito de validez legal.<\/p>\n<p><strong>7. POL\u00cdTICA DE COOKIES<\/strong><\/p>\n<p><strong>\u00a0<\/strong>NOVA no utiliza cookies para recoger informaci\u00f3n de los usuarios. \u00danicamente se utilizan cookies propias, de sesi\u00f3n, con finalidad t\u00e9cnica (aquellas que permiten al usuario la navegaci\u00f3n a trav\u00e9s del sitio web y la utilizaci\u00f3n de las diferentes opciones y servicios que en ella existen).<\/p>\n<p>El portal del que es titular NOVA contiene enlaces a sitios web de terceros, cuyas pol\u00edticas de privacidad son ajenas a la de NOVA. Al acceder a tales sitios web usted puede decidir si acepta sus pol\u00edticas de privacidad y de cookies. Con car\u00e1cter general, si navega por internet usted puede aceptar o rechazar las cookies de terceros desde las opciones de configuraci\u00f3n de su navegador.<\/p>\n<\/div><\/div><\/div><\/div><\/div><\/div><\/div><\/section>\n","protected":false},"excerpt":{"rendered":"[vc_custom_heading text=\"Pol\u00edtica de Cookies, Privacidad y Aviso Legal\" font_container=\"tag:h1|text_align:left\" use_theme_fonts=\"yes\"]1. OBJETO Y ACEPTACI\u00d3N De conformidad con la legislaci\u00f3n en protecci\u00f3n de datos y el art\u00edculo 10 de la Ley 34\/2002 de Servicios de la Sociedad de la Informaci\u00f3n y Comercio Electr\u00f3nico el propietario del sitio y responsable de los tratamientos de los datos es: NOVA...","protected":false},"author":1,"featured_media":0,"parent":0,"menu_order":0,"comment_status":"closed","ping_status":"closed","template":"","meta":[],"yoast_head":"<!-- This site is optimized with the Yoast SEO plugin v18.4.1 - https:\/\/yoast.com\/wordpress\/plugins\/seo\/ -->\n<title>Pol\u00edtica de Cookies, Privacidad y Aviso Legal - Barritas energ\u00e9ticas de Teff y Fruta<\/title>\n<meta name=\"robots\" content=\"noindex, nofollow\" \/>\n<meta property=\"og:locale\" content=\"en_US\" \/>\n<meta property=\"og:type\" content=\"article\" \/>\n<meta property=\"og:title\" content=\"Pol\u00edtica de Cookies, Privacidad y Aviso Legal - Barritas energ\u00e9ticas de Teff y Fruta\" \/>\n<meta property=\"og:url\" content=\"https:\/\/www.novahealthyfoods.com\/en\/politica-de-cookies-privacidad-y-aviso-legal\/\" \/>\n<meta property=\"og:site_name\" content=\"Barritas energ\u00e9ticas de Teff y Fruta\" \/>\n<meta name=\"twitter:card\" content=\"summary_large_image\" \/>\n<meta name=\"twitter:label1\" content=\"Est. reading time\" \/>\n\t<meta name=\"twitter:data1\" content=\"8 minutes\" \/>\n<script type=\"application\/ld+json\" class=\"yoast-schema-graph\">{\"@context\":\"https:\/\/schema.org\",\"@graph\":[{\"@type\":\"WebSite\",\"@id\":\"https:\/\/www.novahealthyfoods.com\/#website\",\"url\":\"https:\/\/www.novahealthyfoods.com\/\",\"name\":\"Barritas energ\u00e9ticas de Teff y Fruta\",\"description\":\"Nova Healthy Foods\",\"potentialAction\":[{\"@type\":\"SearchAction\",\"target\":{\"@type\":\"EntryPoint\",\"urlTemplate\":\"https:\/\/www.novahealthyfoods.com\/?s={search_term_string}\"},\"query-input\":\"required name=search_term_string\"}],\"inLanguage\":\"en-US\"},{\"@type\":\"WebPage\",\"@id\":\"https:\/\/www.novahealthyfoods.com\/en\/politica-de-cookies-privacidad-y-aviso-legal\/#webpage\",\"url\":\"https:\/\/www.novahealthyfoods.com\/en\/politica-de-cookies-privacidad-y-aviso-legal\/\",\"name\":\"Pol\u00edtica de Cookies, Privacidad y Aviso Legal - Barritas energ\u00e9ticas de Teff y Fruta\",\"isPartOf\":{\"@id\":\"https:\/\/www.novahealthyfoods.com\/#website\"},\"datePublished\":\"2021-06-24T16:45:27+00:00\",\"dateModified\":\"2021-06-24T16:45:27+00:00\",\"breadcrumb\":{\"@id\":\"https:\/\/www.novahealthyfoods.com\/en\/politica-de-cookies-privacidad-y-aviso-legal\/#breadcrumb\"},\"inLanguage\":\"en-US\",\"potentialAction\":[{\"@type\":\"ReadAction\",\"target\":[\"https:\/\/www.novahealthyfoods.com\/en\/politica-de-cookies-privacidad-y-aviso-legal\/\"]}]},{\"@type\":\"BreadcrumbList\",\"@id\":\"https:\/\/www.novahealthyfoods.com\/en\/politica-de-cookies-privacidad-y-aviso-legal\/#breadcrumb\",\"itemListElement\":[{\"@type\":\"ListItem\",\"position\":1,\"name\":\"Portada\",\"item\":\"https:\/\/www.novahealthyfoods.com\/en\/\"},{\"@type\":\"ListItem\",\"position\":2,\"name\":\"Pol\u00edtica de Cookies, Privacidad y Aviso Legal\"}]}]}<\/script>\n<!-- \/ Yoast SEO plugin. -->","yoast_head_json":{"title":"Pol\u00edtica de Cookies, Privacidad y Aviso Legal - Barritas energ\u00e9ticas de Teff y Fruta","robots":{"index":"noindex","follow":"nofollow"},"og_locale":"en_US","og_type":"article","og_title":"Pol\u00edtica de Cookies, Privacidad y Aviso Legal - Barritas energ\u00e9ticas de Teff y Fruta","og_url":"https:\/\/www.novahealthyfoods.com\/en\/politica-de-cookies-privacidad-y-aviso-legal\/","og_site_name":"Barritas energ\u00e9ticas de Teff y Fruta","twitter_card":"summary_large_image","twitter_misc":{"Est. reading time":"8 minutes"},"schema":{"@context":"https:\/\/schema.org","@graph":[{"@type":"WebSite","@id":"https:\/\/www.novahealthyfoods.com\/#website","url":"https:\/\/www.novahealthyfoods.com\/","name":"Barritas energ\u00e9ticas de Teff y Fruta","description":"Nova Healthy Foods","potentialAction":[{"@type":"SearchAction","target":{"@type":"EntryPoint","urlTemplate":"https:\/\/www.novahealthyfoods.com\/?s={search_term_string}"},"query-input":"required name=search_term_string"}],"inLanguage":"en-US"},{"@type":"WebPage","@id":"https:\/\/www.novahealthyfoods.com\/en\/politica-de-cookies-privacidad-y-aviso-legal\/#webpage","url":"https:\/\/www.novahealthyfoods.com\/en\/politica-de-cookies-privacidad-y-aviso-legal\/","name":"Pol\u00edtica de Cookies, Privacidad y Aviso Legal - Barritas energ\u00e9ticas de Teff y Fruta","isPartOf":{"@id":"https:\/\/www.novahealthyfoods.com\/#website"},"datePublished":"2021-06-24T16:45:27+00:00","dateModified":"2021-06-24T16:45:27+00:00","breadcrumb":{"@id":"https:\/\/www.novahealthyfoods.com\/en\/politica-de-cookies-privacidad-y-aviso-legal\/#breadcrumb"},"inLanguage":"en-US","potentialAction":[{"@type":"ReadAction","target":["https:\/\/www.novahealthyfoods.com\/en\/politica-de-cookies-privacidad-y-aviso-legal\/"]}]},{"@type":"BreadcrumbList","@id":"https:\/\/www.novahealthyfoods.com\/en\/politica-de-cookies-privacidad-y-aviso-legal\/#breadcrumb","itemListElement":[{"@type":"ListItem","position":1,"name":"Portada","item":"https:\/\/www.novahealthyfoods.com\/en\/"},{"@type":"ListItem","position":2,"name":"Pol\u00edtica de Cookies, Privacidad y Aviso Legal"}]}]}},"_links":{"self":[{"href":"https:\/\/www.novahealthyfoods.com\/en\/wp-json\/wp\/v2\/pages\/8554"}],"collection":[{"href":"https:\/\/www.novahealthyfoods.com\/en\/wp-json\/wp\/v2\/pages"}],"about":[{"href":"https:\/\/www.novahealthyfoods.com\/en\/wp-json\/wp\/v2\/types\/page"}],"author":[{"embeddable":true,"href":"https:\/\/www.novahealthyfoods.com\/en\/wp-json\/wp\/v2\/users\/1"}],"replies":[{"embeddable":true,"href":"https:\/\/www.novahealthyfoods.com\/en\/wp-json\/wp\/v2\/comments?post=8554"}],"version-history":[{"count":0,"href":"https:\/\/www.novahealthyfoods.com\/en\/wp-json\/wp\/v2\/pages\/8554\/revisions"}],"wp:attachment":[{"href":"https:\/\/www.novahealthyfoods.com\/en\/wp-json\/wp\/v2\/media?parent=8554"}],"curies":[{"name":"wp","href":"https:\/\/api.w.org\/{rel}","templated":true}]}}